{"id":233,"date":"2019-11-04T13:27:51","date_gmt":"2019-11-04T13:27:51","guid":{"rendered":"https:\/\/criaimpacto.com\/elmafe\/?page_id=233"},"modified":"2021-12-21T14:24:53","modified_gmt":"2021-12-21T14:24:53","slug":"contacts","status":"publish","type":"page","link":"https:\/\/elmafe.pt\/en\/contacts\/","title":{"rendered":"Contacts"},"content":{"rendered":"<div class=\"wpb-content-wrapper\"><p>[vc_row type=&#8221;vc_default&#8221; full_width=&#8221;stretch_row_content_no_spaces&#8221; css=&#8221;.vc_custom_1572874026053{margin-top: -65px !important;}&#8221;][vc_column][vc_gmaps link=&#8221;#E-8_JTNDaWZyYW1lJTIwc3JjJTNEJTIyaHR0cHMlM0ElMkYlMkZ3d3cuZ29vZ2xlLmNvbSUyRm1hcHMlMkZlbWJlZCUzRnBiJTNEJTIxMW0xOCUyMTFtMTIlMjExbTMlMjExZDMxODYuMzI4MjY0MDcxNzE1NyUyMTJkLTkuMjA4NTk1OTI3MjEyODU1JTIxM2QzOC43ODc2MDUwMjQ0MDY2MSUyMTJtMyUyMTFmMCUyMTJmMCUyMTNmMCUyMTNtMiUyMTFpMTAyNCUyMTJpNzY4JTIxNGYxMy4xJTIxM20zJTIxMW0yJTIxMXMweGQxOTMyYThjOGU5ZGE4MyUyNTNBMHg0MjMwOWRlZjAzODA0MzU2JTIxMnNFTE1BRkUlMjUyMC0lMjUyMEVzdHJ1dHVyYXMlMjUyMGUlMjUyMEFudGVuYXMlMjUyQyUyNTIwTGRhJTIxNWUwJTIxM20yJTIxMXNwdC1QVCUyMTJzcHQlMjE0djE1NzI4NzQwNDY4MzklMjE1bTIlMjExc3B0LVBUJTIxMnNwdCUyMiUyMHdpZHRoJTNEJTIyNjAwJTIyJTIwaGVpZ2h0JTNEJTIyNDUwJTIyJTIwZnJhbWVib3JkZXIlM0QlMjIwJTIyJTIwc3R5bGUlM0QlMjJib3JkZXIlM0EwJTNCJTIyJTIwYWxsb3dmdWxsc2NyZWVuJTNEJTIyJTIyJTNFJTNDJTJGaWZyYW1lJTNF&#8221; size=&#8221;400&#8243;][\/vc_column][\/vc_row][vc_row type=&#8221;vc_default&#8221; seperator_enable=&#8221;seperator_enable_value&#8221; seperator_type=&#8221;tilt_left_seperator&#8221; seperator_position=&#8221;top_bottom_seperator&#8221; seperator_svg_height=&#8221;60&#8243; seperator_shape_background=&#8221;#afafaf&#8221;][vc_column][vc_empty_space height=&#8221;50px&#8221;][vc_column_text]<\/p>\n<h2>CONTACTS<\/h2>\n<h1>CONTACT US<\/h1>\n<p>[\/vc_column_text][vc_row_inner gap=&#8221;15&#8243;][vc_column_inner width=&#8221;1\/2&#8243;][vc_column_text css=&#8221;.vc_custom_1579526532199{margin-bottom: 5px !important;}&#8221;]<\/p>\n<h3><strong>Contact via email:<\/strong><\/h3>\n<p>[\/vc_column_text]\n<div class=\"wpcf7 no-js\" id=\"wpcf7-f237-o1\" lang=\"pt-PT\" dir=\"ltr\">\n<div class=\"screen-reader-response\"><p role=\"status\" aria-live=\"polite\" aria-atomic=\"true\"><\/p> <ul><\/ul><\/div>\n<form action=\"\/en\/wp-json\/wp\/v2\/pages\/233#wpcf7-f237-o1\" method=\"post\" class=\"wpcf7-form init\" aria-label=\"Formul\u00e1rio de contacto\" enctype=\"multipart\/form-data\" novalidate=\"novalidate\" data-status=\"init\">\n<div style=\"display: none;\">\n<input type=\"hidden\" name=\"_wpcf7\" value=\"237\" \/>\n<input type=\"hidden\" name=\"_wpcf7_version\" value=\"5.8.7\" \/>\n<input type=\"hidden\" name=\"_wpcf7_locale\" value=\"pt_PT\" \/>\n<input type=\"hidden\" name=\"_wpcf7_unit_tag\" value=\"wpcf7-f237-o1\" \/>\n<input type=\"hidden\" name=\"_wpcf7_container_post\" value=\"0\" \/>\n<input type=\"hidden\" name=\"_wpcf7_posted_data_hash\" value=\"\" \/>\n<\/div>\n<p>Choose the Department<br \/>\n<span class=\"wpcf7-form-control-wrap\" data-name=\"menu-606\"><select class=\"wpcf7-form-control wpcf7-select wpcf7-validates-as-required\" aria-required=\"true\" aria-invalid=\"false\" name=\"menu-606\"><option value=\"Comercial\">Comercial<\/option><option value=\"Finance\">Finance<\/option><option value=\"Legal\">Legal<\/option><option value=\"Recruit\">Recruit<\/option><option value=\"Questions\/Suggestions\">Questions\/Suggestions<\/option><\/select><\/span>\n<\/p>\n<p><label> Your Name (mandatory)<br \/>\n<span class=\"wpcf7-form-control-wrap\" data-name=\"your-name\"><input size=\"40\" class=\"wpcf7-form-control wpcf7-text wpcf7-validates-as-required\" aria-required=\"true\" aria-invalid=\"false\" value=\"\" type=\"text\" name=\"your-name\" \/><\/span> <\/label>\n<\/p>\n<p><label> Your email (mandatory)<br \/>\n<span class=\"wpcf7-form-control-wrap\" data-name=\"your-email\"><input size=\"40\" class=\"wpcf7-form-control wpcf7-email wpcf7-validates-as-required wpcf7-text wpcf7-validates-as-email\" aria-required=\"true\" aria-invalid=\"false\" value=\"\" type=\"email\" name=\"your-email\" \/><\/span> <\/label>\n<\/p>\n<p><label> Subject<br \/>\n<span class=\"wpcf7-form-control-wrap\" data-name=\"your-subject\"><input size=\"40\" class=\"wpcf7-form-control wpcf7-text\" aria-invalid=\"false\" value=\"\" type=\"text\" name=\"your-subject\" \/><\/span> <\/label>\n<\/p>\n<p><label> Message<br \/>\n<span class=\"wpcf7-form-control-wrap\" data-name=\"your-message\"><textarea cols=\"40\" rows=\"10\" class=\"wpcf7-form-control wpcf7-textarea\" aria-invalid=\"false\" name=\"your-message\"><\/textarea><\/span> <\/label>\n<\/p>\n<p><span id=\"wpcf7-69d77f03496d0-wrapper\" class=\"wpcf7-form-control-wrap email-99829-wrap\" style=\"display:none !important; visibility:hidden !important;\"><label for=\"wpcf7-69d77f03496d0-field\" class=\"hp-message\">Please leave this field empty.<\/label><input id=\"wpcf7-69d77f03496d0-field\"  class=\"wpcf7-form-control wpcf7-text\" type=\"text\" name=\"email-99829\" value=\"\" size=\"40\" tabindex=\"-1\" autocomplete=\"new-password\" \/><\/span>\n<\/p>\n<p>CAPTCHA | Answer the question:<br \/>\n<span class=\"wpcf7-form-control-wrap\" data-name=\"quiz-925\"><label><span class=\"wpcf7-quiz-label\">Which is bigger, 7 or 14?<\/span> <input size=\"40\" class=\"wpcf7-form-control wpcf7-quiz\" autocomplete=\"off\" aria-required=\"true\" aria-invalid=\"false\" type=\"text\" name=\"quiz-925\" \/><\/label><input type=\"hidden\" name=\"_wpcf7_quiz_answer_quiz-925\" value=\"ba7f96cc584fad77e231b46db3896ac2\" \/><\/span>\n<\/p>\n<p><span class=\"wpcf7-form-control-wrap\" data-name=\"file-324\"><input size=\"40\" class=\"wpcf7-form-control wpcf7-file\" accept=\".pdf,.txt,.jpg,.jpeg,.doc,.docx\" aria-invalid=\"false\" type=\"file\" name=\"file-324\" \/><\/span>\n<\/p>\n<p><input class=\"wpcf7-form-control wpcf7-submit has-spinner\" type=\"submit\" value=\"Submit\" \/>\n<\/p><div class=\"wpcf7-response-output\" aria-hidden=\"true\"><\/div>\n<\/form>\n<\/div>\n[vc_empty_space height=&#8221;50px&#8221;][\/vc_column_inner][vc_column_inner width=&#8221;1\/2&#8243;][vc_column_text]<\/p>\n<h3><strong>OFFICE AND WAREHOUSE:<\/strong><\/h3>\n<p>Rua Major Jo\u00e3o Lu\u00eds Moura \u2013 Armaz\u00e9m U<br \/>\n1685-253 Fam\u00f5es | Fam\u00f5es Park<\/p>\n<p><a href=\"https:\/\/www.google.com\/maps\/place\/ELMAFE+-+Estruturas+e+Antenas,+Lda\/@38.787828,-9.20631,17z\/data=!4m5!3m4!1s0x0:0x42309def03804356!8m2!3d38.787611!4d-9.206348?hl=pt-PT\" target=\"_blank\" rel=\"noopener noreferrer\">Google maps<\/a>[\/vc_column_text][vc_empty_space height=&#8221;16px&#8221;][vc_column_text]<\/p>\n<h3><strong>MANUFACTURING FACILITIES:<\/strong><\/h3>\n<p>Poly Park &#8211; N\u00facleo Empresarial de Arruda dos Vinhos<br \/>\nEstrada Quinta de Matos, n\u00ba4<br \/>\nWarehouse A03<br \/>\n2630-179 Arruda dos Vinhos | Portugal<\/p>\n<p><a href=\"https:\/\/goo.gl\/maps\/5u2rnLB73CypqoMU8\" target=\"_blank\" rel=\"noopener noreferrer\">Google maps<\/a>[\/vc_column_text][vc_empty_space height=&#8221;16px&#8221;][vc_column_text]<\/p>\n<h3><span style=\"color: #14376f;\"><strong>Telephone: 21 932 8557<\/strong><\/span><br \/>\n<span style=\"color: #14376f;\"><strong>Fax: 21 932 9845<\/strong><\/span><\/h3>\n<p>[\/vc_column_text][\/vc_column_inner][\/vc_row_inner][\/vc_column][\/vc_row]<\/p>\n<\/div>","protected":false},"excerpt":{"rendered":"<p>[vc_row type=&#8221;vc_default&#8221; full_width=&#8221;stretch_row_content_no_spaces&#8221; css=&#8221;.vc_custom_1572874026053{margin-top: -65px !important;}&#8221;][vc_column][vc_gmaps link=&#8221;#E-8_JTNDaWZyYW1lJTIwc3JjJTNEJTIyaHR0cHMlM0ElMkYlMkZ3d3cuZ29vZ2xlLmNvbSUyRm1hcHMlMkZlbWJlZCUzRnBiJTNEJTIxMW0xOCUyMTFtMTIlMjExbTMlMjExZDMxODYuMzI4MjY0MDcxNzE1NyUyMTJkLTkuMjA4NTk1OTI3MjEyODU1JTIxM2QzOC43ODc2MDUwMjQ0MDY2MSUyMTJtMyUyMTFmMCUyMTJmMCUyMTNmMCUyMTNtMiUyMTFpMTAyNCUyMTJpNzY4JTIxNGYxMy4xJTIxM20zJTIxMW0yJTIxMXMweGQxOTMyYThjOGU5ZGE4MyUyNTNBMHg0MjMwOWRlZjAzODA0MzU2JTIxMnNFTE1BRkUlMjUyMC0lMjUyMEVzdHJ1dHVyYXMlMjUyMGUlMjUyMEFudGVuYXMlMjUyQyUyNTIwTGRhJTIxNWUwJTIxM20yJTIxMXNwdC1QVCUyMTJzcHQlMjE0djE1NzI4NzQwNDY4MzklMjE1bTIlMjExc3B0LVBUJTIxMnNwdCUyMiUyMHdpZHRoJTNEJTIyNjAwJTIyJTIwaGVpZ2h0JTNEJTIyNDUwJTIyJTIwZnJhbWVib3JkZXIlM0QlMjIwJTIyJTIwc3R5bGUlM0QlMjJib3JkZXIlM0EwJTNCJTIyJTIwYWxsb3dmdWxsc2NyZWVuJTNEJTIyJTIyJTNFJTNDJTJGaWZyYW1lJTNF&#8221; size=&#8221;400&#8243;][\/vc_column][\/vc_row][vc_row type=&#8221;vc_default&#8221; seperator_enable=&#8221;seperator_enable_value&#8221; seperator_type=&#8221;tilt_left_seperator&#8221; seperator_position=&#8221;top_bottom_seperator&#8221; seperator_svg_height=&#8221;60&#8243; seperator_shape_background=&#8221;#afafaf&#8221;][vc_column][vc_empty_space height=&#8221;50px&#8221;][vc_column_text] CONTACTS CONTACT US [\/vc_column_text][vc_row_inner gap=&#8221;15&#8243;][vc_column_inner width=&#8221;1\/2&#8243;][vc_column_text css=&#8221;.vc_custom_1579526532199{margin-bottom: 5px !important;}&#8221;] Contact via email: [\/vc_column_text][vc_empty_space height=&#8221;50px&#8221;][\/vc_column_inner][vc_column_inner width=&#8221;1\/2&#8243;][vc_column_text] OFFICE AND WAREHOUSE: Rua Major Jo\u00e3o Lu\u00eds Moura \u2013 Armaz\u00e9m U 1685-253 Fam\u00f5es | Fam\u00f5es Park Google maps[\/vc_column_text][vc_empty_space height=&#8221;16px&#8221;][vc_column_text] MANUFACTURING FACILITIES: Poly Park &#8211; N\u00facleo&hellip;<\/p>\n","protected":false},"author":1,"featured_media":0,"parent":0,"menu_order":0,"comment_status":"closed","ping_status":"open","template":"","meta":{"footnotes":""},"_links":{"self":[{"href":"https:\/\/elmafe.pt\/en\/wp-json\/wp\/v2\/pages\/233"}],"collection":[{"href":"https:\/\/elmafe.pt\/en\/wp-json\/wp\/v2\/pages"}],"about":[{"href":"https:\/\/elmafe.pt\/en\/wp-json\/wp\/v2\/types\/page"}],"author":[{"embeddable":true,"href":"https:\/\/elmafe.pt\/en\/wp-json\/wp\/v2\/users\/1"}],"replies":[{"embeddable":true,"href":"https:\/\/elmafe.pt\/en\/wp-json\/wp\/v2\/comments?post=233"}],"version-history":[{"count":5,"href":"https:\/\/elmafe.pt\/en\/wp-json\/wp\/v2\/pages\/233\/revisions"}],"predecessor-version":[{"id":421,"href":"https:\/\/elmafe.pt\/en\/wp-json\/wp\/v2\/pages\/233\/revisions\/421"}],"wp:attachment":[{"href":"https:\/\/elmafe.pt\/en\/wp-json\/wp\/v2\/media?parent=233"}],"curies":[{"name":"wp","href":"https:\/\/api.w.org\/{rel}","templated":true}]}}