{"id":102,"date":"2019-10-24T13:57:52","date_gmt":"2019-10-24T13:57:52","guid":{"rendered":"https:\/\/criaimpacto.com\/elmafe\/?page_id=102"},"modified":"2022-09-26T14:16:45","modified_gmt":"2022-09-26T14:16:45","slug":"entreprise","status":"publish","type":"page","link":"https:\/\/elmafe.pt\/francais\/entreprise\/","title":{"rendered":"Entreprise"},"content":{"rendered":"\t\t<div data-elementor-type=\"wp-page\" data-elementor-id=\"102\" class=\"elementor elementor-102\">\n\t\t\t\t\t\t<section class=\"elementor-section elementor-top-section elementor-element elementor-element-2219f308 elementor-section-stretched elementor-section-boxed elementor-section-height-default elementor-section-height-default\" data-id=\"2219f308\" data-element_type=\"section\" data-settings=\"{&quot;stretch_section&quot;:&quot;section-stretched&quot;,&quot;background_background&quot;:&quot;video&quot;,&quot;background_video_link&quot;:&quot;https:\\\/\\\/elmafe.pt\\\/contatos_l.mp4&quot;,&quot;background_play_on_mobile&quot;:&quot;yes&quot;}\">\n\t\t\t\t\t\t\t\t<div class=\"elementor-background-video-container\">\n\t\t\t\t\t\t\t\t\t\t\t\t\t<video class=\"elementor-background-video-hosted elementor-html5-video\" autoplay muted playsinline loop><\/video>\n\t\t\t\t\t\t\t\t\t\t\t<\/div>\n\t\t\t\t\t\t\t\t\t<div class=\"elementor-background-overlay\"><\/div>\n\t\t\t\t\t\t\t<div class=\"elementor-container elementor-column-gap-default\">\n\t\t\t\t\t<div class=\"elementor-column elementor-col-100 elementor-top-column elementor-element elementor-element-61c2f38f\" data-id=\"61c2f38f\" data-element_type=\"column\">\n\t\t\t<div class=\"elementor-widget-wrap elementor-element-populated\">\n\t\t\t\t\t\t<div class=\"elementor-element elementor-element-65d593e8 elementor-widget elementor-widget-heading\" data-id=\"65d593e8\" data-element_type=\"widget\" data-widget_type=\"heading.default\">\n\t\t\t\t<div class=\"elementor-widget-container\">\n\t\t\t\t\t<h1 class=\"elementor-heading-title elementor-size-default\">ELMAFE<\/h1>\t\t\t\t<\/div>\n\t\t\t\t<\/div>\n\t\t\t\t\t<\/div>\n\t\t<\/div>\n\t\t\t\t\t<\/div>\n\t\t<\/section>\n\t\t\t\t<section class=\"elementor-section elementor-top-section elementor-element elementor-element-51f23e63 elementor-section-stretched elementor-section-boxed elementor-section-height-default elementor-section-height-default\" data-id=\"51f23e63\" data-element_type=\"section\" data-settings=\"{&quot;stretch_section&quot;:&quot;section-stretched&quot;}\">\n\t\t\t\t\t\t<div class=\"elementor-container elementor-column-gap-default\">\n\t\t\t\t\t<div class=\"elementor-column elementor-col-100 elementor-top-column elementor-element elementor-element-317c996c\" data-id=\"317c996c\" data-element_type=\"column\">\n\t\t\t<div class=\"elementor-widget-wrap elementor-element-populated\">\n\t\t\t\t\t\t<div class=\"elementor-element elementor-element-558721c elementor-widget elementor-widget-spacer\" data-id=\"558721c\" data-element_type=\"widget\" data-widget_type=\"spacer.default\">\n\t\t\t\t<div class=\"elementor-widget-container\">\n\t\t\t\t\t\t\t<div class=\"elementor-spacer\">\n\t\t\t<div class=\"elementor-spacer-inner\"><\/div>\n\t\t<\/div>\n\t\t\t\t\t\t<\/div>\n\t\t\t\t<\/div>\n\t\t\t\t<div class=\"elementor-element elementor-element-464bec52 elementor-widget elementor-widget-heading\" data-id=\"464bec52\" data-element_type=\"widget\" data-widget_type=\"heading.default\">\n\t\t\t\t<div class=\"elementor-widget-container\">\n\t\t\t\t\t<h2 class=\"elementor-heading-title elementor-size-default\"><h2>L'HISTOIRE D'ELMAFE<\/h2><\/h2>\t\t\t\t<\/div>\n\t\t\t\t<\/div>\n\t\t\t\t<div class=\"elementor-element elementor-element-2a308fcd elementor-widget elementor-widget-text-editor\" data-id=\"2a308fcd\" data-element_type=\"widget\" data-widget_type=\"text-editor.default\">\n\t\t\t\t<div class=\"elementor-widget-container\">\n\t\t\t\t\t\t\t\t\t<p><strong>NOUS SOMMES UNE ENTREPRISE PORTUGAISE EN CROISSANCE ET EXPANSION<\/strong><\/p>\t\t\t\t\t\t\t\t<\/div>\n\t\t\t\t<\/div>\n\t\t\t\t<div class=\"elementor-element elementor-element-8415a76 elementor-widget elementor-widget-spacer\" data-id=\"8415a76\" data-element_type=\"widget\" data-widget_type=\"spacer.default\">\n\t\t\t\t<div class=\"elementor-widget-container\">\n\t\t\t\t\t\t\t<div class=\"elementor-spacer\">\n\t\t\t<div class=\"elementor-spacer-inner\"><\/div>\n\t\t<\/div>\n\t\t\t\t\t\t<\/div>\n\t\t\t\t<\/div>\n\t\t\t\t\t<\/div>\n\t\t<\/div>\n\t\t\t\t\t<\/div>\n\t\t<\/section>\n\t\t\t\t<section class=\"elementor-section elementor-top-section elementor-element elementor-element-7eb50616 elementor-section-stretched elementor-section-boxed elementor-section-height-default elementor-section-height-default\" data-id=\"7eb50616\" data-element_type=\"section\" data-settings=\"{&quot;stretch_section&quot;:&quot;section-stretched&quot;}\">\n\t\t\t\t\t\t<div class=\"elementor-container elementor-column-gap-extended\">\n\t\t\t\t\t<div class=\"elementor-column elementor-col-100 elementor-top-column elementor-element elementor-element-6e5c5941\" data-id=\"6e5c5941\" data-element_type=\"column\">\n\t\t\t<div class=\"elementor-widget-wrap elementor-element-populated\">\n\t\t\t\t\t\t<div class=\"elementor-element elementor-element-51c1106 elementor-widget elementor-widget-text-editor\" data-id=\"51c1106\" data-element_type=\"widget\" data-widget_type=\"text-editor.default\">\n\t\t\t\t<div class=\"elementor-widget-container\">\n\t\t\t\t\t\t\t\t\t<p>Nous sommes n\u00e9s en 2001 et nous sommes une entreprise 100% portugaise. Notre c\u0153ur de m\u00e9tier (business) est la fabrication de pyl\u00f4nes de t\u00e9l\u00e9communication, de m\u00e2ts m\u00e9t\u00e9o et de tous les services associ\u00e9s \u00e0 ces domaines.<\/p><p>Nous d\u00e9veloppons plusieurs produits et services sur mesure qui vont de l&rsquo;\u00e9tude et la fabrication de structures m\u00e9talliques, \u00e0 d&rsquo;autres travaux associ\u00e9s \u00e0 ces projets, tels que l&rsquo;installation, l&rsquo;entretien et la certification de lignes de vie, l&rsquo;installation d&rsquo;antennes, de descentes et de paratonnerres.<\/p><p>Afin de renforcer la confiance des Clients, conjugu\u00e9e \u00e0 la croissance de l&rsquo;entreprise, une augmentation de la Licence a \u00e9t\u00e9 r\u00e9alis\u00e9e. Elmafe d\u00e9tient actuellement un permis de construction de classe 3 (Alvar\u00e1 n\u00ba 71601).<\/p><p>Gr\u00e2ce \u00e0 des services fournis par une main-d&rsquo;\u0153uvre qualifi\u00e9e et des produits de qualit\u00e9, nous nous engageons \u00e0 assurer <strong>la satisfaction et la confiance totales de nos clients <\/strong>.<\/p>\t\t\t\t\t\t\t\t<\/div>\n\t\t\t\t<\/div>\n\t\t\t\t\t<\/div>\n\t\t<\/div>\n\t\t\t\t\t<\/div>\n\t\t<\/section>\n\t\t\t\t<section class=\"elementor-section elementor-top-section elementor-element elementor-element-4c653dc elementor-section-boxed elementor-section-height-default elementor-section-height-default\" data-id=\"4c653dc\" data-element_type=\"section\">\n\t\t\t\t\t\t<div class=\"elementor-container elementor-column-gap-default\">\n\t\t\t\t\t<div class=\"elementor-column elementor-col-100 elementor-top-column elementor-element elementor-element-d0654c8\" data-id=\"d0654c8\" data-element_type=\"column\">\n\t\t\t<div class=\"elementor-widget-wrap elementor-element-populated\">\n\t\t\t\t\t\t<div class=\"elementor-element elementor-element-f24d23a elementor-widget elementor-widget-spacer\" data-id=\"f24d23a\" data-element_type=\"widget\" data-widget_type=\"spacer.default\">\n\t\t\t\t<div class=\"elementor-widget-container\">\n\t\t\t\t\t\t\t<div class=\"elementor-spacer\">\n\t\t\t<div class=\"elementor-spacer-inner\"><\/div>\n\t\t<\/div>\n\t\t\t\t\t\t<\/div>\n\t\t\t\t<\/div>\n\t\t\t\t\t<\/div>\n\t\t<\/div>\n\t\t\t\t\t<\/div>\n\t\t<\/section>\n\t\t\t\t<section class=\"elementor-section elementor-top-section elementor-element elementor-element-e971031 elementor-section-stretched elementor-section-boxed elementor-section-height-default elementor-section-height-default\" data-id=\"e971031\" data-element_type=\"section\" data-settings=\"{&quot;stretch_section&quot;:&quot;section-stretched&quot;,&quot;background_background&quot;:&quot;video&quot;,&quot;background_video_link&quot;:&quot;https:\\\/\\\/elmafe.pt\\\/empresa_l.mp4&quot;,&quot;background_play_on_mobile&quot;:&quot;yes&quot;}\">\n\t\t\t\t\t\t\t\t<div class=\"elementor-background-video-container\">\n\t\t\t\t\t\t\t\t\t\t\t\t\t<video class=\"elementor-background-video-hosted elementor-html5-video\" autoplay muted playsinline loop><\/video>\n\t\t\t\t\t\t\t\t\t\t\t<\/div>\n\t\t\t\t\t\t\t\t\t<div class=\"elementor-background-overlay\"><\/div>\n\t\t\t\t\t\t\t<div class=\"elementor-container elementor-column-gap-default\">\n\t\t\t\t\t<div class=\"elementor-column elementor-col-100 elementor-top-column elementor-element elementor-element-ae25506\" data-id=\"ae25506\" data-element_type=\"column\">\n\t\t\t<div class=\"elementor-widget-wrap elementor-element-populated\">\n\t\t\t\t\t\t<div class=\"elementor-element elementor-element-3cecf2f elementor-widget elementor-widget-heading\" data-id=\"3cecf2f\" data-element_type=\"widget\" data-widget_type=\"heading.default\">\n\t\t\t\t<div class=\"elementor-widget-container\">\n\t\t\t\t\t<h1 class=\"elementor-heading-title elementor-size-default\">INTERNATIONAL<\/h1>\t\t\t\t<\/div>\n\t\t\t\t<\/div>\n\t\t\t\t<div class=\"elementor-element elementor-element-14e40da elementor-widget elementor-widget-heading\" data-id=\"14e40da\" data-element_type=\"widget\" data-widget_type=\"heading.default\">\n\t\t\t\t<div class=\"elementor-widget-container\">\n\t\t\t\t\t<h2 class=\"elementor-heading-title elementor-size-default\"><h2><p style=\"color:white\">ELMAFE S'AGRANDIT<\/p><\/h2><\/h2>\t\t\t\t<\/div>\n\t\t\t\t<\/div>\n\t\t\t\t<div class=\"elementor-element elementor-element-fc963e6 elementor-widget elementor-widget-text-editor\" data-id=\"fc963e6\" data-element_type=\"widget\" data-widget_type=\"text-editor.default\">\n\t\t\t\t<div class=\"elementor-widget-container\">\n\t\t\t\t\t\t\t\t\t<p><strong>ELMAFE EST PR\u00c9SENT DANS PLUSIEURS PAYS<\/strong><\/p>\t\t\t\t\t\t\t\t<\/div>\n\t\t\t\t<\/div>\n\t\t\t\t<div class=\"elementor-element elementor-element-dec177f elementor-widget elementor-widget-spacer\" data-id=\"dec177f\" data-element_type=\"widget\" data-widget_type=\"spacer.default\">\n\t\t\t\t<div class=\"elementor-widget-container\">\n\t\t\t\t\t\t\t<div class=\"elementor-spacer\">\n\t\t\t<div class=\"elementor-spacer-inner\"><\/div>\n\t\t<\/div>\n\t\t\t\t\t\t<\/div>\n\t\t\t\t<\/div>\n\t\t\t\t<div class=\"elementor-element elementor-element-aa107db elementor-widget elementor-widget-text-editor\" data-id=\"aa107db\" data-element_type=\"widget\" data-widget_type=\"text-editor.default\">\n\t\t\t\t<div class=\"elementor-widget-container\">\n\t\t\t\t\t\t\t\t\t<p>Les t\u00e9l\u00e9communications jouent un r\u00f4le important, non seulement dans la soci\u00e9t\u00e9 en g\u00e9n\u00e9ral, mais aussi dans le processus de mondialisation, permettant et facilitant la communication entre les personnes et les entreprises, cr\u00e9ant une impulsion dans l&rsquo;\u00e9conomie des pays en g\u00e9n\u00e9ral.<\/p><p>\u00c9tant l&rsquo;un des segments du march\u00e9, il conna\u00eet actuellement une croissance et une expansion plus importantes tant au Portugal que dans le monde.<\/p>\t\t\t\t\t\t\t\t<\/div>\n\t\t\t\t<\/div>\n\t\t\t\t<div class=\"elementor-element elementor-element-057dafc elementor-widget elementor-widget-spacer\" data-id=\"057dafc\" data-element_type=\"widget\" data-widget_type=\"spacer.default\">\n\t\t\t\t<div class=\"elementor-widget-container\">\n\t\t\t\t\t\t\t<div class=\"elementor-spacer\">\n\t\t\t<div class=\"elementor-spacer-inner\"><\/div>\n\t\t<\/div>\n\t\t\t\t\t\t<\/div>\n\t\t\t\t<\/div>\n\t\t\t\t<div class=\"elementor-element elementor-element-cc59d6f elementor-widget elementor-widget-image\" data-id=\"cc59d6f\" data-element_type=\"widget\" data-widget_type=\"image.default\">\n\t\t\t\t<div class=\"elementor-widget-container\">\n\t\t\t\t\t\t\t\t\t\t\t\t\t\t\t<img fetchpriority=\"high\" decoding=\"async\" width=\"1172\" height=\"441\" src=\"https:\/\/elmafe.pt\/francais\/wp-content\/uploads\/2022\/09\/mapa.png\" class=\"attachment-full size-full wp-image-749\" alt=\"\" srcset=\"https:\/\/elmafe.pt\/francais\/wp-content\/uploads\/2022\/09\/mapa.png 1172w, https:\/\/elmafe.pt\/francais\/wp-content\/uploads\/2022\/09\/mapa-300x113.png 300w, https:\/\/elmafe.pt\/francais\/wp-content\/uploads\/2022\/09\/mapa-1024x385.png 1024w, https:\/\/elmafe.pt\/francais\/wp-content\/uploads\/2022\/09\/mapa-768x289.png 768w\" sizes=\"(max-width: 1172px) 100vw, 1172px\" \/>\t\t\t\t\t\t\t\t\t\t\t\t\t\t\t<\/div>\n\t\t\t\t<\/div>\n\t\t\t\t<div class=\"elementor-element elementor-element-d9dc2c6 elementor-widget elementor-widget-spacer\" data-id=\"d9dc2c6\" data-element_type=\"widget\" data-widget_type=\"spacer.default\">\n\t\t\t\t<div class=\"elementor-widget-container\">\n\t\t\t\t\t\t\t<div class=\"elementor-spacer\">\n\t\t\t<div class=\"elementor-spacer-inner\"><\/div>\n\t\t<\/div>\n\t\t\t\t\t\t<\/div>\n\t\t\t\t<\/div>\n\t\t\t\t<div class=\"elementor-element elementor-element-39ad6d2 elementor-widget elementor-widget-heading\" data-id=\"39ad6d2\" data-element_type=\"widget\" data-widget_type=\"heading.default\">\n\t\t\t\t<div class=\"elementor-widget-container\">\n\t\t\t\t\t<h2 class=\"elementor-heading-title elementor-size-default\"><h2><p style=\"color:white\">Nous sommes pr\u00e9sents dans:<\/p><\/h2><\/h2>\t\t\t\t<\/div>\n\t\t\t\t<\/div>\n\t\t\t\t<div class=\"elementor-element elementor-element-dfa8c6c elementor-widget elementor-widget-text-editor\" data-id=\"dfa8c6c\" data-element_type=\"widget\" data-widget_type=\"text-editor.default\">\n\t\t\t\t<div class=\"elementor-widget-container\">\n\t\t\t\t\t\t\t\t\t<p>Angola . Alg\u00e9rie . Cap Vert . Espagne . Guin\u00e9e . Bissau . France . Italie . Maldives . Polyn\u00e9sien fran\u00e7ais . Pologne . Roumanie<\/p>\t\t\t\t\t\t\t\t<\/div>\n\t\t\t\t<\/div>\n\t\t\t\t\t<\/div>\n\t\t<\/div>\n\t\t\t\t\t<\/div>\n\t\t<\/section>\n\t\t\t\t<\/div>\n\t\t","protected":false},"excerpt":{"rendered":"<p>ELMAFE L&rsquo;HISTOIRE D&rsquo;ELMAFE NOUS SOMMES UNE ENTREPRISE PORTUGAISE EN CROISSANCE ET EXPANSION Nous sommes n\u00e9s en 2001 et nous sommes une entreprise 100% portugaise. Notre c\u0153ur de m\u00e9tier (business) est la fabrication de pyl\u00f4nes de t\u00e9l\u00e9communication, de m\u00e2ts m\u00e9t\u00e9o et de tous les services associ\u00e9s \u00e0 ces domaines. Nous d\u00e9veloppons plusieurs produits et services sur&hellip;<\/p>\n","protected":false},"author":1,"featured_media":0,"parent":0,"menu_order":0,"comment_status":"closed","ping_status":"closed","template":"elementor_theme","meta":{"inline_featured_image":false,"footnotes":""},"class_list":["post-102","page","type-page","status-publish","hentry"],"aioseo_notices":[],"_links":{"self":[{"href":"https:\/\/elmafe.pt\/francais\/wp-json\/wp\/v2\/pages\/102","targetHints":{"allow":["GET"]}}],"collection":[{"href":"https:\/\/elmafe.pt\/francais\/wp-json\/wp\/v2\/pages"}],"about":[{"href":"https:\/\/elmafe.pt\/francais\/wp-json\/wp\/v2\/types\/page"}],"author":[{"embeddable":true,"href":"https:\/\/elmafe.pt\/francais\/wp-json\/wp\/v2\/users\/1"}],"replies":[{"embeddable":true,"href":"https:\/\/elmafe.pt\/francais\/wp-json\/wp\/v2\/comments?post=102"}],"version-history":[{"count":91,"href":"https:\/\/elmafe.pt\/francais\/wp-json\/wp\/v2\/pages\/102\/revisions"}],"predecessor-version":[{"id":752,"href":"https:\/\/elmafe.pt\/francais\/wp-json\/wp\/v2\/pages\/102\/revisions\/752"}],"wp:attachment":[{"href":"https:\/\/elmafe.pt\/francais\/wp-json\/wp\/v2\/media?parent=102"}],"curies":[{"name":"wp","href":"https:\/\/api.w.org\/{rel}","templated":true}]}}