{"id":2,"date":"2019-10-16T12:17:39","date_gmt":"2019-10-16T12:17:39","guid":{"rendered":"https:\/\/criaimpacto.com\/elmafe\/?page_id=2"},"modified":"2025-01-07T16:14:12","modified_gmt":"2025-01-07T16:14:12","slug":"home","status":"publish","type":"page","link":"https:\/\/elmafe.pt\/francais\/","title":{"rendered":"Home"},"content":{"rendered":"<div class=\"wpb-content-wrapper\"><p>[vc_row type=\u00a0\u00bbvc_default\u00a0\u00bb seperator_enable=\u00a0\u00bbseperator_enable_value\u00a0\u00bb seperator_type=\u00a0\u00bbtilt_left_seperator\u00a0\u00bb seperator_position=\u00a0\u00bbtop_bottom_seperator\u00a0\u00bb seperator_svg_height=\u00a0\u00bb60&Prime; seperator_shape_background=\u00a0\u00bb#afafaf\u00a0\u00bb][vc_column][vc_column_text]<\/p>\n<h2>ELMAFE<\/h2>\n<h1><strong>FABRICATION D&rsquo;INFRASTRUCTURES POUR LES T\u00c9L\u00c9COMMUNICATIONS ET M\u00c2TS M\u00c9T\u00c9OROLOGIQUES SONT NOTRE CORE BUSINESS<\/strong><\/h1>\n<p>[\/vc_column_text][vc_row_inner gap=\u00a0\u00bb15&Prime;][vc_column_inner offset=\u00a0\u00bbvc_hidden-sm vc_hidden-xs\u00a0\u00bb][vc_column_text]Nous sommes n\u00e9s en 2001 et nous sommes une entreprise 100% portugaise. Notre m\u00e9tier est la fabrication de pyl\u00f4nes de t\u00e9l\u00e9communication, de m\u00e2ts m\u00e9t\u00e9o et de tous les services associ\u00e9s \u00e0 ces domaines.[\/vc_column_text]<div class=\" ubtn-ctn-left \"><a class=\"ubtn-link ult-adjust-bottom-margin ubtn-left ubtn-normal \" href=\"mailto:comercial@elmafe.pt\" title=\"ENTRER EN CONTACT\" target=\"_blank\" rel=\"noopener\" ><button type=\"button\" id=\"ubtn-6947\"  class=\"ubtn ult-adjust-bottom-margin ult-responsive ubtn-normal ubtn-fade-bg  none  ubtn-left   tooltip-69e037e42048e\"  data-hover=\"#ffffff\" data-border-color=\"#14376f\" data-bg=\"rgba(255,255,255,0.01)\" data-hover-bg=\"#14376f\" data-border-hover=\"#14376f\" data-shadow-hover=\"\" data-shadow-click=\"none\" data-shadow=\"\" data-shd-shadow=\"\"  data-ultimate-target='#ubtn-6947'  data-responsive-json-new='{\"font-size\":\"desktop:14px;\",\"line-height\":\"\"}'  style=\"font-family:&#039;Raleway&#039;;font-weight:500;border-radius:1px;border-width:1px;border-color:#14376f;border-style:solid;background: rgba(255,255,255,0.01);color: #14376f;\"><span class=\"ubtn-hover\" style=\"background-color:#14376f\"><\/span><span class=\"ubtn-data ubtn-text \" >ENTRER EN CONTACT<\/span><\/button><\/a><\/div>[\/vc_column_inner][\/vc_row_inner][vc_row_inner gap=\u00a0\u00bb15&Prime;][vc_column_inner offset=\u00a0\u00bbvc_hidden-lg vc_hidden-md\u00a0\u00bb][vc_column_text]Nous sommes n\u00e9s en 2001 et nous sommes une entreprise 100% portugaise. Notre m\u00e9tier est la fabrication de pyl\u00f4nes de t\u00e9l\u00e9communication, de m\u00e2ts m\u00e9t\u00e9o et de tous les services associ\u00e9s \u00e0 ces domaines.[\/vc_column_text]<div class=\" ubtn-ctn-center \"><a class=\"ubtn-link ult-adjust-bottom-margin ubtn-center ubtn-normal \" href=\"mailto:comercial@elmafe.pt\" title=\"ENTRER EN CONTACT\" target=\"_blank\" rel=\"noopener\" ><button type=\"button\" id=\"ubtn-9843\"  class=\"ubtn ult-adjust-bottom-margin ult-responsive ubtn-normal ubtn-fade-bg  none  ubtn-center   tooltip-69e037e4204ea\"  data-hover=\"#ffffff\" data-border-color=\"#14376f\" data-bg=\"rgba(255,255,255,0.01)\" data-hover-bg=\"#14376f\" data-border-hover=\"#14376f\" data-shadow-hover=\"\" data-shadow-click=\"none\" data-shadow=\"\" data-shd-shadow=\"\"  data-ultimate-target='#ubtn-9843'  data-responsive-json-new='{\"font-size\":\"desktop:14px;\",\"line-height\":\"\"}'  style=\"font-family:&#039;Raleway&#039;;font-weight:500;border-radius:1px;border-width:1px;border-color:#14376f;border-style:solid;background: rgba(255,255,255,0.01);color: #14376f;\"><span class=\"ubtn-hover\" style=\"background-color:#14376f\"><\/span><span class=\"ubtn-data ubtn-text \" >ENTRER EN CONTACT<\/span><\/button><\/a><\/div>[\/vc_column_inner][\/vc_row_inner][\/vc_column][\/vc_row][vc_row type=\u00a0\u00bbvc_default\u00a0\u00bb full_width=\u00a0\u00bbstretch_row_content_no_spaces\u00a0\u00bb][vc_column][vc_empty_space height=\u00a0\u00bb50px\u00a0\u00bb][\/vc_column][\/vc_row][vc_row type=\u00a0\u00bbvc_default\u00a0\u00bb bg_type=\u00a0\u00bbvideo\u00a0\u00bb video_url=\u00a0\u00bbhttps:\/\/elmafe.pt\/servicos.mp4&Prime; video_url_2=\u00a0\u00bbhttps:\/\/elmafe.pt\/servicos.webmhd.webm\u00a0\u00bb video_opts=\u00a0\u00bbloop,muted\u00a0\u00bb video_poster=\u00a0\u00bbid^545|url^https:\/\/elmafe.pt\/wp-content\/uploads\/2022\/02\/servic\u0327os.jpg|caption^null|alt^null|title^servic\u0327os|description^null\u00a0\u00bb bg_override=\u00a0\u00bbfull\u00a0\u00bb enable_overlay=\u00a0\u00bbenable_overlay_value\u00a0\u00bb overlay_color=\u00a0\u00bbrgba(0,0,0,0.41)\u00a0\u00bb overlay_pattern=\u00a0\u00bb09.png\u00a0\u00bb][vc_column][vc_empty_space height=\u00a0\u00bb75px\u00a0\u00bb][vc_empty_space height=\u00a0\u00bb50px\u00a0\u00bb][vc_column_text el_class=\u00a0\u00bbwhitefontblack\u00a0\u00bb]<\/p>\n<h2><span style=\"color: #ffffff;\">POURQUOI ELMAFE?<\/span><\/h2>\n<h1><strong><span style=\"color: #ffffff;\">NOS SERVICES<\/span><\/strong><\/h1>\n<p>[\/vc_column_text][vc_row_inner][vc_column_inner offset=\u00a0\u00bbvc_hidden-sm vc_hidden-xs\u00a0\u00bb][vc_column_text el_class=\u00a0\u00bbwhitefontblack\u00a0\u00bb]Nous combinons le savoir -faire, (know how)\u00a0exp\u00e9rience et s\u00e9curit\u00e9 dans un service qualifi\u00e9 et sp\u00e9cialis\u00e9. Fabrication d&rsquo;infrastructures de t\u00e9l\u00e9communications et de m\u00e2ts m\u00e9t\u00e9orologiques qui sont notre <em>core business<\/em> \u2013 nous proposons plusieurs produits et services pour les communications, le coffrage, les lignes de vie verticales et horizontales et la fabrication de structures m\u00e9talliques.[\/vc_column_text][vc_empty_space height=\u00a0\u00bb25px\u00a0\u00bb]<div class=\" ubtn-ctn-left \"><a class=\"ubtn-link ult-adjust-bottom-margin ubtn-left ubtn-normal \" href=\"https:\/\/elmafe.pt\/francais\/servicos\/\" title=\"Services\" ><button type=\"button\" id=\"ubtn-2186\"  class=\"ubtn ult-adjust-bottom-margin ult-responsive ubtn-normal ubtn-fade-bg  none  ubtn-left   tooltip-69e037e420514\"  data-hover=\"#1e73be\" data-border-color=\"#ffffff\" data-bg=\"rgba(255,255,255,0.01)\" data-hover-bg=\"#ffffff\" data-border-hover=\"#ffffff\" data-shadow-hover=\"\" data-shadow-click=\"none\" data-shadow=\"\" data-shd-shadow=\"\"  data-ultimate-target='#ubtn-2186'  data-responsive-json-new='{\"font-size\":\"desktop:14px;\",\"line-height\":\"\"}'  style=\"font-family:&#039;Raleway&#039;;font-weight:500;border-radius:1px;border-width:1px;border-color:#ffffff;border-style:solid;background: rgba(255,255,255,0.01);color: #ffffff;\"><span class=\"ubtn-hover\" style=\"background-color:#ffffff\"><\/span><span class=\"ubtn-data ubtn-text \" >SERVICES<\/span><\/button><\/a><\/div>[\/vc_column_inner][\/vc_row_inner][vc_row_inner][vc_column_inner offset=\u00a0\u00bbvc_hidden-lg vc_hidden-md\u00a0\u00bb][vc_column_text el_class=\u00a0\u00bbwhitefontblack\u00a0\u00bb]Nous combinons le savoir -faire, (know how)\u00a0exp\u00e9rience et s\u00e9curit\u00e9 dans un service qualifi\u00e9 et sp\u00e9cialis\u00e9. Fabrication d&rsquo;infrastructures de t\u00e9l\u00e9communications et de m\u00e2ts m\u00e9t\u00e9orologiques qui sont notre <em>core business<\/em> \u2013 nous proposons plusieurs produits et services pour les communications, le coffrage, les lignes de vie verticales et horizontales et la fabrication de structures m\u00e9talliques.[\/vc_column_text][vc_empty_space height=\u00a0\u00bb25px\u00a0\u00bb]<div class=\" ubtn-ctn-center \"><a class=\"ubtn-link ult-adjust-bottom-margin ubtn-center ubtn-normal \" href=\"https:\/\/elmafe.pt\/francais\/servicos\/\" title=\"Services\" ><button type=\"button\" id=\"ubtn-7867\"  class=\"ubtn ult-adjust-bottom-margin ult-responsive ubtn-normal ubtn-fade-bg  none  ubtn-center   tooltip-69e037e420538\"  data-hover=\"#1e73be\" data-border-color=\"#ffffff\" data-bg=\"rgba(255,255,255,0.01)\" data-hover-bg=\"#ffffff\" data-border-hover=\"#ffffff\" data-shadow-hover=\"\" data-shadow-click=\"none\" data-shadow=\"\" data-shd-shadow=\"\"  data-ultimate-target='#ubtn-7867'  data-responsive-json-new='{\"font-size\":\"desktop:14px;\",\"line-height\":\"\"}'  style=\"font-family:&#039;Raleway&#039;;font-weight:500;border-radius:1px;border-width:1px;border-color:#ffffff;border-style:solid;background: rgba(255,255,255,0.01);color: #ffffff;\"><span class=\"ubtn-hover\" style=\"background-color:#ffffff\"><\/span><span class=\"ubtn-data ubtn-text \" >SERVICES<\/span><\/button><\/a><\/div>[\/vc_column_inner][\/vc_row_inner][vc_empty_space height=\u00a0\u00bb50px\u00a0\u00bb][vc_empty_space height=\u00a0\u00bb50px\u00a0\u00bb][\/vc_column][\/vc_row][vc_row type=\u00a0\u00bbvc_default\u00a0\u00bb seperator_enable=\u00a0\u00bbseperator_enable_value\u00a0\u00bb seperator_type=\u00a0\u00bbtilt_left_seperator\u00a0\u00bb seperator_position=\u00a0\u00bbtop_bottom_seperator\u00a0\u00bb seperator_svg_height=\u00a0\u00bb60&Prime; seperator_shape_background=\u00a0\u00bb#afafaf\u00a0\u00bb][vc_column][vc_empty_space height=\u00a0\u00bb75px\u00a0\u00bb][vc_column_text css=\u00a0\u00bb.vc_custom_1662458512958{margin-bottom: 15px !important;}\u00a0\u00bb]<\/p>\n<h1><strong>LES PARTENAIRES<\/strong><\/h1>\n<p>[\/vc_column_text][vc_row_inner equal_height=\u00a0\u00bbyes\u00a0\u00bb content_placement=\u00a0\u00bbmiddle\u00a0\u00bb][vc_column_inner width=\u00a0\u00bb2\/4&Prime;][vc_column_text]Afin de pr\u00e9senter les meilleurs r\u00e9sultats, Elmafe travaille en partenariat avec des entreprises reconnues sur le march\u00e9 national et international.[\/vc_column_text][\/vc_column_inner][vc_column_inner width=\u00a0\u00bb1\/4&Prime;][vc_single_image image=\u00a0\u00bb94&Prime; img_size=\u00a0\u00bbfull\u00a0\u00bb alignment=\u00a0\u00bbcenter\u00a0\u00bb onclick=\u00a0\u00bbcustom_link\u00a0\u00bb img_link_target=\u00a0\u00bb_blank\u00a0\u00bb link=\u00a0\u00bbhttps:\/\/www.xsplatforms.com\/\u00a0\u00bb][\/vc_column_inner][vc_column_inner width=\u00a0\u00bb1\/4&Prime;][vc_single_image image=\u00a0\u00bb95&Prime; img_size=\u00a0\u00bbfull\u00a0\u00bb alignment=\u00a0\u00bbcenter\u00a0\u00bb onclick=\u00a0\u00bbcustom_link\u00a0\u00bb img_link_target=\u00a0\u00bb_blank\u00a0\u00bb link=\u00a0\u00bbhttps:\/\/splw.pt\/\u00a0\u00bb][\/vc_column_inner][\/vc_row_inner][\/vc_column][\/vc_row][vc_row][vc_column][vc_column_text]\t\t<div class=\"wpb-fmc-floating-menu wpb-fmc-floating-menu-right wpb-fmc-floating-menu-or-category-default wpb-fmc-floating-menu-or-category-disable-phone-on\">\n\t\t\t<div class=\"menu-call-to-action-container\"><ul id=\"menu-call-to-action\" class=\"menu\"><li id=\"menu-item-425\" class=\"menu-item menu-item-type-custom menu-item-object-custom menu-item-425\"><a href=\"https:\/\/elmafe.pt\/francais\/contacts\/\">TU VEUX<br>NOUS PARLER?<\/a><\/li>\n<\/ul><\/div>\t\t<\/div>\n\t[\/vc_column_text][\/vc_column][\/vc_row]<\/p>\n<\/div>","protected":false},"excerpt":{"rendered":"<p>[vc_row type=\u00a0\u00bbvc_default\u00a0\u00bb seperator_enable=\u00a0\u00bbseperator_enable_value\u00a0\u00bb seperator_type=\u00a0\u00bbtilt_left_seperator\u00a0\u00bb seperator_position=\u00a0\u00bbtop_bottom_seperator\u00a0\u00bb seperator_svg_height=\u00a0\u00bb60&Prime; seperator_shape_background=\u00a0\u00bb#afafaf\u00a0\u00bb][vc_column][vc_column_text] ELMAFE FABRICATION D&rsquo;INFRASTRUCTURES POUR LES T\u00c9L\u00c9COMMUNICATIONS ET M\u00c2TS M\u00c9T\u00c9OROLOGIQUES SONT NOTRE CORE BUSINESS [\/vc_column_text][vc_row_inner gap=\u00a0\u00bb15&Prime;][vc_column_inner offset=\u00a0\u00bbvc_hidden-sm vc_hidden-xs\u00a0\u00bb][vc_column_text]Nous sommes n\u00e9s en 2001 et nous sommes une entreprise 100% portugaise. Notre m\u00e9tier est la fabrication de pyl\u00f4nes de t\u00e9l\u00e9communication, de m\u00e2ts m\u00e9t\u00e9o et de tous les services associ\u00e9s \u00e0 ces&hellip;<\/p>\n","protected":false},"author":1,"featured_media":0,"parent":0,"menu_order":0,"comment_status":"closed","ping_status":"open","template":"","meta":{"inline_featured_image":false,"footnotes":""},"class_list":["post-2","page","type-page","status-publish","hentry"],"aioseo_notices":[],"_links":{"self":[{"href":"https:\/\/elmafe.pt\/francais\/wp-json\/wp\/v2\/pages\/2","targetHints":{"allow":["GET"]}}],"collection":[{"href":"https:\/\/elmafe.pt\/francais\/wp-json\/wp\/v2\/pages"}],"about":[{"href":"https:\/\/elmafe.pt\/francais\/wp-json\/wp\/v2\/types\/page"}],"author":[{"embeddable":true,"href":"https:\/\/elmafe.pt\/francais\/wp-json\/wp\/v2\/users\/1"}],"replies":[{"embeddable":true,"href":"https:\/\/elmafe.pt\/francais\/wp-json\/wp\/v2\/comments?post=2"}],"version-history":[{"count":113,"href":"https:\/\/elmafe.pt\/francais\/wp-json\/wp\/v2\/pages\/2\/revisions"}],"predecessor-version":[{"id":728,"href":"https:\/\/elmafe.pt\/francais\/wp-json\/wp\/v2\/pages\/2\/revisions\/728"}],"wp:attachment":[{"href":"https:\/\/elmafe.pt\/francais\/wp-json\/wp\/v2\/media?parent=2"}],"curies":[{"name":"wp","href":"https:\/\/api.w.org\/{rel}","templated":true}]}}