{"id":410,"date":"2020-04-23T14:53:19","date_gmt":"2020-04-23T14:53:19","guid":{"rendered":"https:\/\/elmafe.pt\/?page_id=410"},"modified":"2022-09-06T10:18:09","modified_gmt":"2022-09-06T10:18:09","slug":"protection-des-donnees-personnelles","status":"publish","type":"page","link":"https:\/\/elmafe.pt\/francais\/protection-des-donnees-personnelles\/","title":{"rendered":"PROTECTION DES DONNEES PERSONNELLES"},"content":{"rendered":"<div class=\"wpb-content-wrapper\"><p>[vc_row][vc_column][vc_column_text]<\/p>\n<h1>PROTECTION DES DONNEES PERSONNELLES DANS LA GESTION DES CANDIDATURES ET DU RECRUTEMENT<\/h1>\n<p>&nbsp;<\/p>\n<p>La confidentialit\u00e9 et la protection des donn\u00e9es personnelles de ceux qui nous adressent des candidatures \u00e0 des fins de recrutement sont essentielles pour ELMAFE afin de pr\u00e9server des relations de confiance. A cette fin, nous respectons la l\u00e9gislation et la r\u00e9glementation applicables \u00e0 la protection des donn\u00e9es personnelles.<\/p>\n<p>Vous pouvez consulter notre politique de confidentialit\u00e9 <a title=\"Politique de confidentialit\u00e9\" href=\"https:\/\/elmafe.pt\/francais\/politique-de-confidentialite\/\">ICI<\/a>.<\/p>\n<p>&nbsp;<\/p>\n<p>Suite aux informations que vous nous avez transmises avec votre candidature, ELMAFE est le responsable du traitement de vos donn\u00e9es personnelles contenues dans le <em>curriculum vitae <\/em>et la lettre de motivation. Elles seront stock\u00e9es et conserv\u00e9es pendant toute la dur\u00e9e du processus de recrutement, ou pour int\u00e9r\u00eat mutuel, et ne seront c\u00e9d\u00e9es \u00e0 aucun tiers.<\/p>\n<p>Vous pouvez demander \u00e0 tout moment que vos donn\u00e9es personnelles cessent d&rsquo;\u00eatre trait\u00e9es. Pour l&rsquo;acc\u00e8s, la modification\/mise \u00e0 jour, la portabilit\u00e9 des donn\u00e9es le cas \u00e9ch\u00e9ant, la restriction ou l&rsquo;opposition au traitement, le retrait du consentement et la demande d&rsquo;effacement des donn\u00e9es, vous pouvez nous contacter \u00e0: <a href=\"about:blank\">geral@elmafe.pt <\/a>.<\/p>\n<p>&nbsp;<\/p>\n<p>Si vous l&rsquo;estimez n\u00e9cessaire, vous pouvez d\u00e9poser une r\u00e9clamation aupr\u00e8s de l&rsquo;autorit\u00e9 de contr\u00f4le de la protection des donn\u00e9es &#8211; Commission nationale de la protection des donn\u00e9es.[\/vc_column_text][vc_empty_space height=\u00a0\u00bb22px\u00a0\u00bb]<div class=\" ubtn-ctn-left \"><a class=\"ubtn-link ult-adjust-bottom-margin ubtn-left ubtn-normal \" href=\"https:\/\/elmafe.pt\/francais\/\" title=\"Infraestruturas\" ><button type=\"button\" id=\"ubtn-5697\"  class=\"ubtn ult-adjust-bottom-margin ult-responsive ubtn-normal ubtn-fade-bg  none  ubtn-left   tooltip-69e063c36bea3\"  data-hover=\"#1e73be\" data-border-color=\"#14376f\" data-bg=\"rgba(255,255,255,0.01)\" data-hover-bg=\"#ffffff\" data-border-hover=\"#1e73be\" data-shadow-hover=\"\" data-shadow-click=\"none\" data-shadow=\"\" data-shd-shadow=\"\"  data-ultimate-target='#ubtn-5697'  data-responsive-json-new='{\"font-size\":\"desktop:14px;\",\"line-height\":\"\"}'  style=\"font-family:&#039;Raleway&#039;;font-weight:500;border-radius:1px;border-width:1px;border-color:#14376f;border-style:solid;background: rgba(255,255,255,0.01);color: #14376f;\"><span class=\"ubtn-hover\" style=\"background-color:#ffffff\"><\/span><span class=\"ubtn-data ubtn-text \" >RETOUR \u00c0 LA PAGE D&#039;ACCUEIL<\/span><\/button><\/a><\/div>[\/vc_column][\/vc_row]<\/p>\n<\/div>","protected":false},"excerpt":{"rendered":"<p>[vc_row][vc_column][vc_column_text] PROTECTION DES DONNEES PERSONNELLES DANS LA GESTION DES CANDIDATURES ET DU RECRUTEMENT &nbsp; La confidentialit\u00e9 et la protection des donn\u00e9es personnelles de ceux qui nous adressent des candidatures \u00e0 des fins de recrutement sont essentielles pour ELMAFE afin de pr\u00e9server des relations de confiance. A cette fin, nous respectons la l\u00e9gislation et la r\u00e9glementation&hellip;<\/p>\n","protected":false},"author":1,"featured_media":0,"parent":0,"menu_order":0,"comment_status":"closed","ping_status":"open","template":"","meta":{"inline_featured_image":false,"footnotes":""},"class_list":["post-410","page","type-page","status-publish","hentry","description-off"],"aioseo_notices":[],"_links":{"self":[{"href":"https:\/\/elmafe.pt\/francais\/wp-json\/wp\/v2\/pages\/410","targetHints":{"allow":["GET"]}}],"collection":[{"href":"https:\/\/elmafe.pt\/francais\/wp-json\/wp\/v2\/pages"}],"about":[{"href":"https:\/\/elmafe.pt\/francais\/wp-json\/wp\/v2\/types\/page"}],"author":[{"embeddable":true,"href":"https:\/\/elmafe.pt\/francais\/wp-json\/wp\/v2\/users\/1"}],"replies":[{"embeddable":true,"href":"https:\/\/elmafe.pt\/francais\/wp-json\/wp\/v2\/comments?post=410"}],"version-history":[{"count":3,"href":"https:\/\/elmafe.pt\/francais\/wp-json\/wp\/v2\/pages\/410\/revisions"}],"predecessor-version":[{"id":412,"href":"https:\/\/elmafe.pt\/francais\/wp-json\/wp\/v2\/pages\/410\/revisions\/412"}],"wp:attachment":[{"href":"https:\/\/elmafe.pt\/francais\/wp-json\/wp\/v2\/media?parent=410"}],"curies":[{"name":"wp","href":"https:\/\/api.w.org\/{rel}","templated":true}]}}